{"id":85,"date":"2021-01-27T13:44:38","date_gmt":"2021-01-27T13:44:38","guid":{"rendered":"https:\/\/jupiterx.artbees.net\/architecture-1\/?page_id=85"},"modified":"2025-10-31T09:45:39","modified_gmt":"2025-10-31T08:45:39","slug":"empresa","status":"publish","type":"page","link":"https:\/\/www.teamservice.es\/?page_id=85","title":{"rendered":"Empresa"},"content":{"rendered":"\t\t<div data-elementor-type=\"wp-page\" data-elementor-id=\"85\" class=\"elementor elementor-85\">\n\t\t\t\t\t\t<section class=\"elementor-section elementor-top-section elementor-element elementor-element-a0759c1 elementor-section-height-min-height elementor-section-boxed elementor-section-height-default elementor-section-items-middle\" data-id=\"a0759c1\" data-element_type=\"section\" data-settings=\"{&quot;background_background&quot;:&quot;classic&quot;}\">\n\t\t\t\t\t\t\t<div class=\"elementor-background-overlay\"><\/div>\n\t\t\t\t\t\t\t<div class=\"elementor-container elementor-column-gap-default\">\n\t\t\t\t\t<div class=\"elementor-column elementor-col-100 elementor-top-column elementor-element elementor-element-bbe9d0f\" data-id=\"bbe9d0f\" data-element_type=\"column\">\n\t\t\t<div class=\"elementor-widget-wrap elementor-element-populated\">\n\t\t\t\t\t\t<div class=\"elementor-element elementor-element-30823a5 elementor-widget elementor-widget-heading\" data-id=\"30823a5\" data-element_type=\"widget\" data-widget_type=\"heading.default\">\n\t\t\t\t<div class=\"elementor-widget-container\">\n\t\t\t\t\t<h1 class=\"elementor-heading-title elementor-size-default\">Sobre Nuestra Empresa<\/h1>\t\t\t\t<\/div>\n\t\t\t\t<\/div>\n\t\t\t\t\t<\/div>\n\t\t<\/div>\n\t\t\t\t\t<\/div>\n\t\t<\/section>\n\t\t\t\t<section class=\"elementor-section elementor-top-section elementor-element elementor-element-4c2b772 elementor-section-boxed elementor-section-height-default elementor-section-height-default\" data-id=\"4c2b772\" data-element_type=\"section\">\n\t\t\t\t\t\t<div class=\"elementor-container elementor-column-gap-default\">\n\t\t\t\t\t<div class=\"elementor-column elementor-col-100 elementor-top-column elementor-element elementor-element-d76daf0\" data-id=\"d76daf0\" data-element_type=\"column\">\n\t\t\t<div class=\"elementor-widget-wrap elementor-element-populated\">\n\t\t\t\t\t\t<div class=\"elementor-element elementor-element-9a6b7e0 elementor-widget elementor-widget-heading\" data-id=\"9a6b7e0\" data-element_type=\"widget\" data-widget_type=\"heading.default\">\n\t\t\t\t<div class=\"elementor-widget-container\">\n\t\t\t\t\t<h2 class=\"elementor-heading-title elementor-size-default\">Sobre Nuestra Empresa<\/h2>\t\t\t\t<\/div>\n\t\t\t\t<\/div>\n\t\t\t\t<div class=\"elementor-element elementor-element-365506f elementor-widget elementor-widget-heading\" data-id=\"365506f\" data-element_type=\"widget\" data-widget_type=\"heading.default\">\n\t\t\t\t<div class=\"elementor-widget-container\">\n\t\t\t\t\t<h2 class=\"elementor-heading-title elementor-size-default\">Suministros Team Service<\/h2>\t\t\t\t<\/div>\n\t\t\t\t<\/div>\n\t\t\t\t<div class=\"elementor-element elementor-element-0f272d4 elementor-widget elementor-widget-text-editor\" data-id=\"0f272d4\" data-element_type=\"widget\" data-widget_type=\"text-editor.default\">\n\t\t\t\t<div class=\"elementor-widget-container\">\n\t\t\t\t\t\t\t\t\t<div>Una empresa nace con un deseo: captar clientes que le permita tener un proyecto de viabilidad, ganarse su confianza trabajando con seriedad, tenacidad y colaborando para progresar. Nosotros hace tiempo que nacimos, hace ya muchos a\u00f1os que nuestros actos evidencian que no lo hemos hecho nada mal, que incluso hoy que ya somos mayores de edad sabemos que sin ustedes poco har\u00edamos. Quiz\u00e1s por ello hoy deseamos acercarnos a usted desde otro lado, del m\u00e1s tecnol\u00f3gico, para que pueda observar que no descartamos ning\u00fan conocimiento que nos permita a esta empresa y a la suya crecer sin que por ello las inversiones a realizar sean costosas. Somos poseedores de una log\u00edstica que le ayudar\u00e1 y encaminar\u00e1 en la soluci\u00f3n a su carencia, desde el grupo de administraci\u00f3n pasando por el departamento de comercial, hasta llegar al de expedici\u00f3n. Queremos tener opciones que darle, y por eso trabajamos con distintas firmas sin bajar la calidad m\u00e1xima que ha sido la raz\u00f3n de nuestra forma de ser en un mercado tan competitivo hoy d\u00eda.<\/div><div>\u00a0<\/div><div>Nombres como Grace, BASF o Pieri dentro del mundo de la construcci\u00f3n, en la aplicaci\u00f3n de morteros, aditivos, resinas\u2026 nos avalan; Blumerox o Scharlau como colorantes para hormig\u00f3n, cemento, yeso o escayola nos afirman en ofrecer una amplia gama de productos que a la par son los m\u00e1s demandados por nuestros clientes. Menci\u00f3n aparte merece la parte mec\u00e1nica o t\u00e9cnica con motores el\u00e9ctricos o ABB Motors. Todo esto podr\u00e1 verlo y estudiarlo con detalle en esta ventana que le hemos abierto.<\/div><div>\u00a0<\/div><div>Seriedad es el t\u00e9rmino que mejor engloba nuestro sentir con el cliente. Seriedad en el sentido de proporcionar lo que necesita en el momento establecido, seriedad vinculada al hecho asesorarle en las distintas opciones sobre un mismo problema, seriedad en encontrar una empresa firme y con la experiencia que le permita garantizar el uso de los materiales. Dichos materiales ir\u00e1n siempre avalados por una ficha t\u00e9cnica que indicar\u00e1 como proceder con la sustancia a tratar.<\/div><div>\u00a0<\/div><div>Esperando ser merecedores de la confianza que deposit\u00f3 en nosotros y conscientes de que nuestra imagen, nuestro trabajo y estar al nivel de sus exigencias para con nosotros, deseamos que esta web que hoy visita la contemple como una proyecci\u00f3n de nosotros mismos que estar\u00e1 a su servicio. Servicio que no se ver\u00e1 mercado el plano personal que siempre hemos cultivado con el cliente y que en ning\u00fan caso dejar\u00e1 de existir.<\/div><div>Agradeciendo el tiempo le invito a entrar en los distintos campos que posee, que observe las fotos de algunas obras en las hemos formado parte constituyente, si no encontrase lo que usted necesita no dude en consultarnos por su necesidad es nuestra prioridad.<\/div>\t\t\t\t\t\t\t\t<\/div>\n\t\t\t\t<\/div>\n\t\t\t\t<div class=\"elementor-element elementor-element-5e2162c elementor-widget elementor-widget-button\" data-id=\"5e2162c\" data-element_type=\"widget\" data-widget_type=\"button.default\">\n\t\t\t\t<div class=\"elementor-widget-container\">\n\t\t\t\t\t\t\t\t\t<div class=\"elementor-button-wrapper\">\n\t\t\t\t\t<a class=\"elementor-button elementor-button-link elementor-size-sm\" href=\"https:\/\/www.teamservice.es\/?page_id=6\">\n\t\t\t\t\t\t<span class=\"elementor-button-content-wrapper\">\n\t\t\t\t\t\t\t\t\t<span class=\"elementor-button-text\">Contacta con Nosotros<\/span>\n\t\t\t\t\t<\/span>\n\t\t\t\t\t<\/a>\n\t\t\t\t<\/div>\n\t\t\t\t\t\t\t\t<\/div>\n\t\t\t\t<\/div>\n\t\t\t\t\t<\/div>\n\t\t<\/div>\n\t\t\t\t\t<\/div>\n\t\t<\/section>\n\t\t\t\t<section class=\"elementor-section elementor-top-section elementor-element elementor-element-2b3fa97f elementor-section-height-min-height elementor-section-boxed elementor-section-height-default elementor-section-items-middle\" data-id=\"2b3fa97f\" data-element_type=\"section\" data-settings=\"{&quot;background_background&quot;:&quot;classic&quot;}\">\n\t\t\t\t\t\t<div class=\"elementor-container elementor-column-gap-default\">\n\t\t\t\t\t<div class=\"elementor-column elementor-col-100 elementor-top-column elementor-element elementor-element-626cd5ef\" data-id=\"626cd5ef\" data-element_type=\"column\">\n\t\t\t<div class=\"elementor-widget-wrap elementor-element-populated\">\n\t\t\t\t\t\t<div class=\"elementor-element elementor-element-73c1fc8e elementor-widget elementor-widget-image\" data-id=\"73c1fc8e\" data-element_type=\"widget\" data-widget_type=\"image.default\">\n\t\t\t\t<div class=\"elementor-widget-container\">\n\t\t\t\t\t\t\t\t\t\t\t\t\t\t\t<img decoding=\"async\" width=\"250\" height=\"117\" src=\"https:\/\/www.teamservice.es\/wp-content\/uploads\/2023\/12\/hederlogo-1.png\" class=\"attachment-large size-large wp-image-312\" alt=\"\" \/>\t\t\t\t\t\t\t\t\t\t\t\t\t\t\t<\/div>\n\t\t\t\t<\/div>\n\t\t\t\t<div class=\"elementor-element elementor-element-49fa62da elementor-widget elementor-widget-image\" data-id=\"49fa62da\" data-element_type=\"widget\" data-widget_type=\"image.default\">\n\t\t\t\t<div class=\"elementor-widget-container\">\n\t\t\t\t\t\t\t\t\t\t\t\t\t\t\t<img fetchpriority=\"high\" decoding=\"async\" width=\"581\" height=\"88\" src=\"https:\/\/www.teamservice.es\/wp-content\/uploads\/2023\/12\/logos_calidad.png\" class=\"attachment-large size-large wp-image-337\" alt=\"\" srcset=\"https:\/\/www.teamservice.es\/wp-content\/uploads\/2023\/12\/logos_calidad.png 581w, https:\/\/www.teamservice.es\/wp-content\/uploads\/2023\/12\/logos_calidad-300x45.png 300w\" sizes=\"(max-width: 581px) 100vw, 581px\" \/>\t\t\t\t\t\t\t\t\t\t\t\t\t\t\t<\/div>\n\t\t\t\t<\/div>\n\t\t\t\t<div class=\"elementor-element elementor-element-30dd0721 elementor-widget elementor-widget-text-editor\" data-id=\"30dd0721\" data-element_type=\"widget\" data-widget_type=\"text-editor.default\">\n\t\t\t\t<div class=\"elementor-widget-container\">\n\t\t\t\t\t\t\t\t\t<p>Copyright 2025 Suministros Team Service S.L.<\/p>\t\t\t\t\t\t\t\t<\/div>\n\t\t\t\t<\/div>\n\t\t\t\t\t<\/div>\n\t\t<\/div>\n\t\t\t\t\t<\/div>\n\t\t<\/section>\n\t\t\t\t<\/div>\n\t\t","protected":false},"excerpt":{"rendered":"<p>Sobre Nuestra Empresa Sobre Nuestra Empresa Suministros Team Service Una empresa nace con un deseo: captar clientes que le permita tener un proyecto de viabilidad, ganarse su confianza trabajando con seriedad, tenacidad y colaborando para progresar. Nosotros hace tiempo que nacimos, hace ya muchos a\u00f1os que nuestros actos evidencian que no lo hemos hecho nada [&hellip;]<\/p>\n","protected":false},"author":1,"featured_media":0,"parent":0,"menu_order":0,"comment_status":"closed","ping_status":"closed","template":"elementor_header_footer","meta":{"footnotes":""},"class_list":["post-85","page","type-page","status-publish","hentry"],"_links":{"self":[{"href":"https:\/\/www.teamservice.es\/index.php?rest_route=\/wp\/v2\/pages\/85","targetHints":{"allow":["GET"]}}],"collection":[{"href":"https:\/\/www.teamservice.es\/index.php?rest_route=\/wp\/v2\/pages"}],"about":[{"href":"https:\/\/www.teamservice.es\/index.php?rest_route=\/wp\/v2\/types\/page"}],"author":[{"embeddable":true,"href":"https:\/\/www.teamservice.es\/index.php?rest_route=\/wp\/v2\/users\/1"}],"replies":[{"embeddable":true,"href":"https:\/\/www.teamservice.es\/index.php?rest_route=%2Fwp%2Fv2%2Fcomments&post=85"}],"version-history":[{"count":29,"href":"https:\/\/www.teamservice.es\/index.php?rest_route=\/wp\/v2\/pages\/85\/revisions"}],"predecessor-version":[{"id":448,"href":"https:\/\/www.teamservice.es\/index.php?rest_route=\/wp\/v2\/pages\/85\/revisions\/448"}],"wp:attachment":[{"href":"https:\/\/www.teamservice.es\/index.php?rest_route=%2Fwp%2Fv2%2Fmedia&parent=85"}],"curies":[{"name":"wp","href":"https:\/\/api.w.org\/{rel}","templated":true}]}}